{"id":5507,"date":"2025-05-18T19:26:38","date_gmt":"2025-05-18T17:26:38","guid":{"rendered":"https:\/\/lehmann-ausbau.de\/?page_id=5507"},"modified":"2025-05-18T19:30:21","modified_gmt":"2025-05-18T17:30:21","slug":"datenschutz","status":"publish","type":"page","link":"https:\/\/lehmann-ausbau.de\/en\/datenschutz\/","title":{"rendered":"Data protection"},"content":{"rendered":"<div data-elementor-type=\"wp-page\" data-elementor-id=\"5507\" class=\"elementor elementor-5507\" data-elementor-post-type=\"page\">\n\t\t\t\t\t\t<section class=\"elementor-section elementor-top-section elementor-element elementor-element-610f7335 ot-traditional elementor-section-boxed elementor-section-height-default elementor-section-height-default\" data-id=\"610f7335\" data-element_type=\"section\">\n\t\t\t\t\t\t<div class=\"elementor-container elementor-column-gap-no\">\n\t\t\t\t\t<div class=\"elementor-column elementor-col-100 elementor-top-column elementor-element elementor-element-e79fdcf ot-flex-column-vertical\" data-id=\"e79fdcf\" data-element_type=\"column\">\n\t\t\t<div class=\"elementor-widget-wrap elementor-element-populated\">\n\t\t\t\t\t\t<div class=\"elementor-element elementor-element-769dabe4 elementor-widget elementor-widget-heading\" data-id=\"769dabe4\" data-element_type=\"widget\" data-widget_type=\"heading.default\">\n\t\t\t\t\t<h2 class=\"elementor-heading-title elementor-size-default\">Datenschutzerkl\u00e4rung<\/h2>\t\t\t\t<\/div>\n\t\t\t\t<section class=\"elementor-section elementor-inner-section elementor-element elementor-element-26f5e725 ot-traditional elementor-section-boxed elementor-section-height-default elementor-section-height-default\" data-id=\"26f5e725\" data-element_type=\"section\">\n\t\t\t\t\t\t<div class=\"elementor-container elementor-column-gap-extended\">\n\t\t\t\t\t<div class=\"elementor-column elementor-col-50 elementor-inner-column elementor-element elementor-element-48de6c17 ot-flex-column-vertical\" data-id=\"48de6c17\" data-element_type=\"column\">\n\t\t\t<div class=\"elementor-widget-wrap elementor-element-populated\">\n\t\t\t\t\t\t<div class=\"elementor-element elementor-element-65c99ea elementor-widget elementor-widget-iiconbox2\" data-id=\"65c99ea\" data-element_type=\"widget\" data-widget_type=\"iiconbox2.default\">\n\t\t\t\t<div class=\"elementor-widget-container\">\n\t\t\t\t\t\t\t<div class=\"icon-box-s2 s2\">\r\n\t\t\t<div class=\"icon-main\">\r\n\t\t        <svg aria-hidden=\"true\" class=\"e-font-icon-svg e-fas-building\" viewbox=\"0 0 448 512\" xmlns=\"http:\/\/www.w3.org\/2000\/svg\"><path d=\"M436 480h-20V24c0-13.255-10.745-24-24-24H56C42.745 0 32 10.745 32 24v456H12c-6.627 0-12 5.373-12 12v20h448v-20c0-6.627-5.373-12-12-12zM128 76c0-6.627 5.373-12 12-12h40c6.627 0 12 5.373 12 12v40c0 6.627-5.373 12-12 12h-40c-6.627 0-12-5.373-12-12V76zm0 96c0-6.627 5.373-12 12-12h40c6.627 0 12 5.373 12 12v40c0 6.627-5.373 12-12 12h-40c-6.627 0-12-5.373-12-12v-40zm52 148h-40c-6.627 0-12-5.373-12-12v-40c0-6.627 5.373-12 12-12h40c6.627 0 12 5.373 12 12v40c0 6.627-5.373 12-12 12zm76 160h-64v-84c0-6.627 5.373-12 12-12h40c6.627 0 12 5.373 12 12v84zm64-172c0 6.627-5.373 12-12 12h-40c-6.627 0-12-5.373-12-12v-40c0-6.627 5.373-12 12-12h40c6.627 0 12 5.373 12 12v40zm0-96c0 6.627-5.373 12-12 12h-40c-6.627 0-12-5.373-12-12v-40c0-6.627 5.373-12 12-12h40c6.627 0 12 5.373 12 12v40zm0-96c0 6.627-5.373 12-12 12h-40c-6.627 0-12-5.373-12-12V76c0-6.627 5.373-12 12-12h40c6.627 0 12 5.373 12 12v40z\"><\/path><\/svg>\t\t\t    \t\t        \t\t        \t        <\/div>\r\n\t        <div class=\"content-box\">\r\n\t            <h5>Unternehmen:<\/h5>\r\n\t            <p><b>LEHMANN Ausbau GmbH & Co.KG<\/b>\n<br>Sprendlinger Landstr. 115\n<br>63069 Offenbach am Main<\/p>\r\n\t        <\/div>\r\n\t    <\/div>\r\n\t    \t\t\t\t<\/div>\n\t\t\t\t<\/div>\n\t\t\t\t\t<\/div>\n\t\t<\/div>\n\t\t\t\t<div class=\"elementor-column elementor-col-50 elementor-inner-column elementor-element elementor-element-33c31e99 ot-flex-column-vertical\" data-id=\"33c31e99\" data-element_type=\"column\">\n\t\t\t<div class=\"elementor-widget-wrap elementor-element-populated\">\n\t\t\t\t\t\t<div class=\"elementor-element elementor-element-cccab00 elementor-widget elementor-widget-iiconbox2\" data-id=\"cccab00\" data-element_type=\"widget\" data-widget_type=\"iiconbox2.default\">\n\t\t\t\t<div class=\"elementor-widget-container\">\n\t\t\t\t\t\t\t<div class=\"icon-box-s2 s2\">\r\n\t\t\t<div class=\"icon-main\">\r\n\t\t        <svg aria-hidden=\"true\" class=\"e-font-icon-svg e-fas-people-arrows\" viewbox=\"0 0 576 512\" xmlns=\"http:\/\/www.w3.org\/2000\/svg\"><path d=\"M96,128A64,64,0,1,0,32,64,64,64,0,0,0,96,128Zm0,176.08a44.11,44.11,0,0,1,13.64-32L181.77,204c1.65-1.55,3.77-2.31,5.61-3.57A63.91,63.91,0,0,0,128,160H64A64,64,0,0,0,0,224v96a32,32,0,0,0,32,32V480a32,32,0,0,0,32,32h64a32,32,0,0,0,32-32V383.61l-50.36-47.53A44.08,44.08,0,0,1,96,304.08ZM480,128a64,64,0,1,0-64-64A64,64,0,0,0,480,128Zm32,32H448a63.91,63.91,0,0,0-59.38,40.42c1.84,1.27,4,2,5.62,3.59l72.12,68.06a44.37,44.37,0,0,1,0,64L416,383.62V480a32,32,0,0,0,32,32h64a32,32,0,0,0,32-32V352a32,32,0,0,0,32-32V224A64,64,0,0,0,512,160ZM444.4,295.34l-72.12-68.06A12,12,0,0,0,352,236v36H224V236a12,12,0,0,0-20.28-8.73L131.6,295.34a12.4,12.4,0,0,0,0,17.47l72.12,68.07A12,12,0,0,0,224,372.14V336H352v36.14a12,12,0,0,0,20.28,8.74l72.12-68.07A12.4,12.4,0,0,0,444.4,295.34Z\"><\/path><\/svg>\t\t\t    \t\t        \t\t        \t        <\/div>\r\n\t        <div class=\"content-box\">\r\n\t            <h5>Vertreten durch:<\/h5>\r\n\t            <p>Volodymyr Gorodetskyy, \n<br>Andreas Kljoksin, \n<br>David Scholz<\/p>\r\n\t        <\/div>\r\n\t    <\/div>\r\n\t    \t\t\t\t<\/div>\n\t\t\t\t<\/div>\n\t\t\t\t\t<\/div>\n\t\t<\/div>\n\t\t\t\t\t<\/div>\n\t\t<\/section>\n\t\t\t\t<div class=\"elementor-element elementor-element-35fff904 elementor-widget elementor-widget-heading\" data-id=\"35fff904\" data-element_type=\"widget\" data-widget_type=\"heading.default\">\n\t\t\t\t\t<h4 class=\"elementor-heading-title elementor-size-default\">Kontakt:<\/h4>\t\t\t\t<\/div>\n\t\t\t\t<div class=\"elementor-element elementor-element-123f4f6c elementor-widget elementor-widget-text-editor\" data-id=\"123f4f6c\" data-element_type=\"widget\" data-widget_type=\"text-editor.default\">\n\t\t\t\t\t\t\t\t\t<table><tbody><tr><td>Telefon:<\/td><td>+49 (0) 069 \/\u00a0069 153 428 81<\/td><\/tr><tr><td>Telefax:<\/td><td>+49 (0) 069 \/\u00a0069 153 428 82<\/td><\/tr><tr><td>E-Mail:<\/td><td>info@lehmann-ausbau.de<\/td><\/tr><\/tbody><\/table>\t\t\t\t\t\t\t\t<\/div>\n\t\t\t\t<div class=\"elementor-element elementor-element-5d0ead0 elementor-widget elementor-widget-text-editor\" data-id=\"5d0ead0\" data-element_type=\"widget\" data-widget_type=\"text-editor.default\">\n\t\t\t\t\t\t\t\t\t<p><a href=\"\/en\/kontakt\/\">Zum Kontaktformular<\/a><\/p>\t\t\t\t\t\t\t\t<\/div>\n\t\t\t\t<div class=\"elementor-element elementor-element-baa33ef elementor-widget elementor-widget-spacer\" data-id=\"baa33ef\" data-element_type=\"widget\" data-widget_type=\"spacer.default\">\n\t\t\t\t\t\t\t<div class=\"elementor-spacer\">\n\t\t\t<div class=\"elementor-spacer-inner\"><\/div>\n\t\t<\/div>\n\t\t\t\t\t\t<\/div>\n\t\t\t\t<div class=\"elementor-element elementor-element-ce11083 elementor-widget elementor-widget-text-editor\" data-id=\"ce11083\" data-element_type=\"widget\" data-widget_type=\"text-editor.default\">\n\t\t\t\t\t\t\t\t\t<p>Hier finden Sie die aktuelle Datenschutzerkl\u00e4rung von Google Analytics. <br \/>Bei dem Besuch der Webseite lehmann-ausbau.de erkl\u00e4ren Sie sich automatisch mit den Regularien einverstanden.<\/p>\t\t\t\t\t\t\t\t<\/div>\n\t\t\t\t<div class=\"elementor-element elementor-element-f15ae9a elementor-widget elementor-widget-spacer\" data-id=\"f15ae9a\" data-element_type=\"widget\" data-widget_type=\"spacer.default\">\n\t\t\t\t\t\t\t<div class=\"elementor-spacer\">\n\t\t\t<div class=\"elementor-spacer-inner\"><\/div>\n\t\t<\/div>\n\t\t\t\t\t\t<\/div>\n\t\t\t\t<div class=\"elementor-element elementor-element-b656917 elementor-widget elementor-widget-heading\" data-id=\"b656917\" data-element_type=\"widget\" data-widget_type=\"heading.default\">\n\t\t\t\t\t<h4 class=\"elementor-heading-title elementor-size-default\">Datenschutzerkl\u00e4rung:<\/h4>\t\t\t\t<\/div>\n\t\t\t\t<div class=\"elementor-element elementor-element-0c749e5 elementor-widget elementor-widget-text-editor\" data-id=\"0c749e5\" data-element_type=\"widget\" data-widget_type=\"text-editor.default\">\n\t\t\t\t\t\t\t\t\t<p>Diese Website benutzt Google Analytics, einen Webanalysedienst der Google Inc. (\u201eGoogle\u201c). Google Analytics verwendet sog. \u201eCookies\u201c, Textdateien, die auf Ihrem Computer gespeichert werden und die eine Analyse der Benutzung der Website durch Sie erm\u00f6glichen. Die durch das Cookie erzeugten Informationen \u00fcber Ihre Benutzung dieser Website werden in der Regel an einen Server von Google in den USA \u00fcbertragen und dort gespeichert. Im Falle der Aktivierung der IP-Anonymisierung auf dieser Website, wird Ihre IP-Adresse von Google jedoch innerhalb von Mitgliedstaaten der Europ\u00e4ischen Union oder in anderen Vertragsstaaten des Abkommens \u00fcber den Europ\u00e4ischen Wirtschaftsraum zuvor gek\u00fcrzt. Nur in Ausnahmef\u00e4llen wird die volle IP-Adresse an einen Server von Google in den USA \u00fcbertragen und dort gek\u00fcrzt. Im Auftrag des Betreibers dieser Website wird Google diese Informationen benutzen, um Ihre Nutzung der Website auszuwerten, um Reports \u00fcber die Websiteaktivit\u00e4ten zusammenzustellen und um weitere mit der Websitenutzung und der Internetnutzung verbundene Dienstleistungen gegen\u00fcber dem Websitebetreiber zu erbringen. Die im Rahmen von Google Analytics von Ihrem Browser \u00fcbermittelte IP-Adresse wird nicht mit anderen Daten von Google zusammengef\u00fchrt. Sie k\u00f6nnen die Speicherung der Cookies durch eine entsprechende Einstellung Ihrer Browser-Software verhindern; wir weisen Sie jedoch darauf hin, dass Sie in diesem Fall gegebenenfalls nicht s\u00e4mtliche Funktionen dieser Website vollumf\u00e4nglich werden nutzen k\u00f6nnen. Sie k\u00f6nnen dar\u00fcber hinaus die Erfassung der durch das Cookie erzeugten und auf Ihre Nutzung der Website bezogenen Daten (inkl. Ihrer IP-Adresse) an Google sowie die Verarbeitung dieser Daten durch Google verhindern, indem Sie das unter dem folgenden Link (<a href=\"http:\/\/tools.google.com\/dlpage\/gaoptout?hl=de\" target=\"_blank\" rel=\"nofollow noopener\">http:\/\/tools.google.com\/dlpage\/gaoptout?hl=de<\/a>) verf\u00fcgbare Browser-Plugin herunterladen und installieren.<\/p>\n<p>Sie k\u00f6nnen die Erfassung durch Google Analytics verhindern, indem Sie auf folgenden Link klicken. Es wird ein Opt-Out-Cookie gesetzt, das die zuk\u00fcnftige Erfassung Ihrer Daten beim Besuch dieser Website verhindert:<br \/><a>Google Analytics deaktivieren<\/a><\/p>\n<p>N\u00e4here Informationen zu Nutzungsbedingungen und Datenschutz finden Sie unter<a href=\"http:\/\/www.google.com\/analytics\/terms\/de.html\" target=\"_blank\" rel=\"nofollow noopener\">http:\/\/www.google.com\/analytics\/terms\/de.html<\/a>\u00a0bzw. unter\u00a0<a href=\"https:\/\/www.google.de\/intl\/de\/policies\/\" target=\"_blank\" rel=\"nofollow noopener\">https:\/\/www.google.de\/intl\/de\/policies\/<\/a>. Wir weisen Sie darauf hin, dass auf dieser Website Google Analytics um den Code \u201egat._anonymizeIp();\u201c erweitert wurde, um eine anonymisierte Erfassung von IP-Adressen (sog. IP-Masking) zu gew\u00e4hrleisten.<\/p>\t\t\t\t\t\t\t\t<\/div>\n\t\t\t\t<div class=\"elementor-element elementor-element-c3da967 elementor-widget elementor-widget-text-editor\" data-id=\"c3da967\" data-element_type=\"widget\" data-widget_type=\"text-editor.default\">\n\t\t\t\t\t\t\t\t\t<p>Quelle:\u00a0<em><a href=\"http:\/\/www.e-recht24.de\/\" target=\"_blank\" rel=\"nofollow noopener\">http:\/\/www.e-recht24.de<\/a><\/em><\/p>\t\t\t\t\t\t\t\t<\/div>\n\t\t\t\t\t<\/div>\n\t\t<\/div>\n\t\t\t\t\t<\/div>\n\t\t<\/section>\n\t\t\t\t<\/div>","protected":false},"excerpt":{"rendered":"<p>Datenschutzerkl\u00e4rung Unternehmen: LEHMANN Ausbau GmbH &#038; Co.KG Sprendlinger Landstr. 115 63069 Offenbach am Main Vertreten durch: Volodymyr Gorodetskyy, Andreas Kljoksin, David Scholz Kontakt: Telefon: +49 (0) 069 \/\u00a0069 153 428 81 Telefax: +49 (0) 069 \/\u00a0069 153 428 82 E-Mail: info@lehmann-ausbau.de Zum Kontaktformular Hier finden Sie die aktuelle Datenschutzerkl\u00e4rung von Google Analytics. Bei dem Besuch [&hellip;]<\/p>","protected":false},"author":1,"featured_media":0,"parent":0,"menu_order":0,"comment_status":"closed","ping_status":"closed","template":"","meta":{"footnotes":""},"class_list":["post-5507","page","type-page","status-publish","hentry"],"yoast_head":"<!-- This site is optimized with the Yoast SEO Premium plugin v25.2 (Yoast SEO v25.2) - https:\/\/yoast.com\/wordpress\/plugins\/seo\/ -->\n<title>Datenschutz - LEHMANN Ausbau GmbH &amp; Co.KG<\/title>\n<meta name=\"robots\" content=\"index, follow, max-snippet:-1, max-image-preview:large, max-video-preview:-1\" \/>\n<link rel=\"canonical\" href=\"https:\/\/lehmann-ausbau.de\/en\/datenschutz\/\" \/>\n<meta property=\"og:locale\" content=\"en_US\" \/>\n<meta property=\"og:type\" content=\"article\" \/>\n<meta property=\"og:title\" content=\"Datenschutz\" \/>\n<meta property=\"og:description\" content=\"Datenschutzerkl\u00e4rung Unternehmen: LEHMANN Ausbau GmbH &#038; Co.KG Sprendlinger Landstr. 115 63069 Offenbach am Main Vertreten durch: Volodymyr Gorodetskyy, Andreas Kljoksin, David Scholz Kontakt: Telefon: +49 (0) 069 \/\u00a0069 153 428 81 Telefax: +49 (0) 069 \/\u00a0069 153 428 82 E-Mail: info@lehmann-ausbau.de Zum Kontaktformular Hier finden Sie die aktuelle Datenschutzerkl\u00e4rung von Google Analytics. Bei dem Besuch [&hellip;]\" \/>\n<meta property=\"og:url\" content=\"https:\/\/lehmann-ausbau.de\/en\/datenschutz\/\" \/>\n<meta property=\"og:site_name\" content=\"LEHMANN Ausbau GmbH &amp; Co.KG\" \/>\n<meta property=\"article:modified_time\" content=\"2025-05-18T17:30:21+00:00\" \/>\n<meta property=\"og:image\" content=\"https:\/\/lehmann-ausbau.de\/wp-content\/uploads\/2025\/05\/cropped-service-sidebar-about-us-image-2.jpg\" \/>\n\t<meta property=\"og:image:width\" content=\"512\" \/>\n\t<meta property=\"og:image:height\" content=\"512\" \/>\n\t<meta property=\"og:image:type\" content=\"image\/jpeg\" \/>\n<meta name=\"twitter:card\" content=\"summary_large_image\" \/>\n<meta name=\"twitter:label1\" content=\"Est. reading time\" \/>\n\t<meta name=\"twitter:data1\" content=\"2 minutes\" \/>\n<script type=\"application\/ld+json\" class=\"yoast-schema-graph\">{\"@context\":\"https:\/\/schema.org\",\"@graph\":[{\"@type\":\"WebPage\",\"@id\":\"https:\/\/lehmann-ausbau.de\/datenschutz\/\",\"url\":\"https:\/\/lehmann-ausbau.de\/datenschutz\/\",\"name\":\"Datenschutz - LEHMANN Ausbau GmbH &amp; Co.KG\",\"isPartOf\":{\"@id\":\"https:\/\/lehmann-ausbau.de\/#website\"},\"datePublished\":\"2025-05-18T17:26:38+00:00\",\"dateModified\":\"2025-05-18T17:30:21+00:00\",\"breadcrumb\":{\"@id\":\"https:\/\/lehmann-ausbau.de\/datenschutz\/#breadcrumb\"},\"inLanguage\":\"en-US\",\"potentialAction\":[{\"@type\":\"ReadAction\",\"target\":[\"https:\/\/lehmann-ausbau.de\/datenschutz\/\"]}]},{\"@type\":\"BreadcrumbList\",\"@id\":\"https:\/\/lehmann-ausbau.de\/datenschutz\/#breadcrumb\",\"itemListElement\":[{\"@type\":\"ListItem\",\"position\":1,\"name\":\"Home\",\"item\":\"https:\/\/lehmann-ausbau.de\/\"},{\"@type\":\"ListItem\",\"position\":2,\"name\":\"Datenschutz\"}]},{\"@type\":\"WebSite\",\"@id\":\"https:\/\/lehmann-ausbau.de\/#website\",\"url\":\"https:\/\/lehmann-ausbau.de\/\",\"name\":\"LEHMANN Ausbau GmbH & Co.KG\",\"description\":\"Komplette L\u00f6sungen f\u00fcr jede Phase Ihres Bauvorhabens\",\"publisher\":{\"@id\":\"https:\/\/lehmann-ausbau.de\/#organization\"},\"potentialAction\":[{\"@type\":\"SearchAction\",\"target\":{\"@type\":\"EntryPoint\",\"urlTemplate\":\"https:\/\/lehmann-ausbau.de\/?s={search_term_string}\"},\"query-input\":{\"@type\":\"PropertyValueSpecification\",\"valueRequired\":true,\"valueName\":\"search_term_string\"}}],\"inLanguage\":\"en-US\"},{\"@type\":\"Organization\",\"@id\":\"https:\/\/lehmann-ausbau.de\/#organization\",\"name\":\"LEHMANN Ausbau GmbH & Co.KG\",\"url\":\"https:\/\/lehmann-ausbau.de\/\",\"logo\":{\"@type\":\"ImageObject\",\"inLanguage\":\"en-US\",\"@id\":\"https:\/\/lehmann-ausbau.de\/#\/schema\/logo\/image\/\",\"url\":\"https:\/\/lehmann-ausbau.de\/wp-content\/uploads\/2020\/09\/Lehmann-Ausbau-Logo_Big_Transp.png\",\"contentUrl\":\"https:\/\/lehmann-ausbau.de\/wp-content\/uploads\/2020\/09\/Lehmann-Ausbau-Logo_Big_Transp.png\",\"width\":777,\"height\":375,\"caption\":\"LEHMANN Ausbau GmbH & Co.KG\"},\"image\":{\"@id\":\"https:\/\/lehmann-ausbau.de\/#\/schema\/logo\/image\/\"}}]}<\/script>\n<!-- \/ Yoast SEO Premium plugin. -->","yoast_head_json":{"title":"Datenschutz - LEHMANN Ausbau GmbH &amp; Co.KG","robots":{"index":"index","follow":"follow","max-snippet":"max-snippet:-1","max-image-preview":"max-image-preview:large","max-video-preview":"max-video-preview:-1"},"canonical":"https:\/\/lehmann-ausbau.de\/en\/datenschutz\/","og_locale":"en_US","og_type":"article","og_title":"Datenschutz","og_description":"Datenschutzerkl\u00e4rung Unternehmen: LEHMANN Ausbau GmbH &#038; Co.KG Sprendlinger Landstr. 115 63069 Offenbach am Main Vertreten durch: Volodymyr Gorodetskyy, Andreas Kljoksin, David Scholz Kontakt: Telefon: +49 (0) 069 \/\u00a0069 153 428 81 Telefax: +49 (0) 069 \/\u00a0069 153 428 82 E-Mail: info@lehmann-ausbau.de Zum Kontaktformular Hier finden Sie die aktuelle Datenschutzerkl\u00e4rung von Google Analytics. Bei dem Besuch [&hellip;]","og_url":"https:\/\/lehmann-ausbau.de\/en\/datenschutz\/","og_site_name":"LEHMANN Ausbau GmbH &amp; Co.KG","article_modified_time":"2025-05-18T17:30:21+00:00","og_image":[{"width":512,"height":512,"url":"https:\/\/lehmann-ausbau.de\/wp-content\/uploads\/2025\/05\/cropped-service-sidebar-about-us-image-2.jpg","type":"image\/jpeg"}],"twitter_card":"summary_large_image","twitter_misc":{"Est. reading time":"2 minutes"},"schema":{"@context":"https:\/\/schema.org","@graph":[{"@type":"WebPage","@id":"https:\/\/lehmann-ausbau.de\/datenschutz\/","url":"https:\/\/lehmann-ausbau.de\/datenschutz\/","name":"Datenschutz - LEHMANN Ausbau GmbH &amp; Co.KG","isPartOf":{"@id":"https:\/\/lehmann-ausbau.de\/#website"},"datePublished":"2025-05-18T17:26:38+00:00","dateModified":"2025-05-18T17:30:21+00:00","breadcrumb":{"@id":"https:\/\/lehmann-ausbau.de\/datenschutz\/#breadcrumb"},"inLanguage":"en-US","potentialAction":[{"@type":"ReadAction","target":["https:\/\/lehmann-ausbau.de\/datenschutz\/"]}]},{"@type":"BreadcrumbList","@id":"https:\/\/lehmann-ausbau.de\/datenschutz\/#breadcrumb","itemListElement":[{"@type":"ListItem","position":1,"name":"Home","item":"https:\/\/lehmann-ausbau.de\/"},{"@type":"ListItem","position":2,"name":"Datenschutz"}]},{"@type":"WebSite","@id":"https:\/\/lehmann-ausbau.de\/#website","url":"https:\/\/lehmann-ausbau.de\/","name":"LEHMANN Ausbau GmbH & Co.KG","description":"Komplette L\u00f6sungen f\u00fcr jede Phase Ihres Bauvorhabens","publisher":{"@id":"https:\/\/lehmann-ausbau.de\/#organization"},"potentialAction":[{"@type":"SearchAction","target":{"@type":"EntryPoint","urlTemplate":"https:\/\/lehmann-ausbau.de\/?s={search_term_string}"},"query-input":{"@type":"PropertyValueSpecification","valueRequired":true,"valueName":"search_term_string"}}],"inLanguage":"en-US"},{"@type":"Organization","@id":"https:\/\/lehmann-ausbau.de\/#organization","name":"LEHMANN Ausbau GmbH & Co.KG","url":"https:\/\/lehmann-ausbau.de\/","logo":{"@type":"ImageObject","inLanguage":"en-US","@id":"https:\/\/lehmann-ausbau.de\/#\/schema\/logo\/image\/","url":"https:\/\/lehmann-ausbau.de\/wp-content\/uploads\/2020\/09\/Lehmann-Ausbau-Logo_Big_Transp.png","contentUrl":"https:\/\/lehmann-ausbau.de\/wp-content\/uploads\/2020\/09\/Lehmann-Ausbau-Logo_Big_Transp.png","width":777,"height":375,"caption":"LEHMANN Ausbau GmbH & Co.KG"},"image":{"@id":"https:\/\/lehmann-ausbau.de\/#\/schema\/logo\/image\/"}}]}},"_links":{"self":[{"href":"https:\/\/lehmann-ausbau.de\/en\/wp-json\/wp\/v2\/pages\/5507","targetHints":{"allow":["GET"]}}],"collection":[{"href":"https:\/\/lehmann-ausbau.de\/en\/wp-json\/wp\/v2\/pages"}],"about":[{"href":"https:\/\/lehmann-ausbau.de\/en\/wp-json\/wp\/v2\/types\/page"}],"author":[{"embeddable":true,"href":"https:\/\/lehmann-ausbau.de\/en\/wp-json\/wp\/v2\/users\/1"}],"replies":[{"embeddable":true,"href":"https:\/\/lehmann-ausbau.de\/en\/wp-json\/wp\/v2\/comments?post=5507"}],"version-history":[{"count":7,"href":"https:\/\/lehmann-ausbau.de\/en\/wp-json\/wp\/v2\/pages\/5507\/revisions"}],"predecessor-version":[{"id":5514,"href":"https:\/\/lehmann-ausbau.de\/en\/wp-json\/wp\/v2\/pages\/5507\/revisions\/5514"}],"wp:attachment":[{"href":"https:\/\/lehmann-ausbau.de\/en\/wp-json\/wp\/v2\/media?parent=5507"}],"curies":[{"name":"wp","href":"https:\/\/api.w.org\/{rel}","templated":true}]}}