{"id":1866,"date":"2020-02-04T10:17:39","date_gmt":"2020-02-04T10:17:39","guid":{"rendered":"http:\/\/wpdemo.archiwp.com\/engitech\/?page_id=1866"},"modified":"2025-05-20T22:32:36","modified_gmt":"2025-05-20T20:32:36","slug":"trockenbau-referenzen","status":"publish","type":"page","link":"https:\/\/lehmann-ausbau.de\/en\/trockenbau-referenzen\/","title":{"rendered":"Dry construction work referances"},"content":{"rendered":"<div data-elementor-type=\"wp-page\" data-elementor-id=\"1866\" class=\"elementor elementor-1866\" data-elementor-post-type=\"page\">\n\t\t\t\t\t\t<section class=\"elementor-section elementor-top-section elementor-element elementor-element-dd247bf ot-traditional elementor-section-boxed elementor-section-height-default elementor-section-height-default\" data-id=\"dd247bf\" data-element_type=\"section\">\n\t\t\t\t\t\t<div class=\"elementor-container elementor-column-gap-default\">\n\t\t\t\t\t<div class=\"elementor-column elementor-col-100 elementor-top-column elementor-element elementor-element-1f4e0cb ot-flex-column-vertical\" data-id=\"1f4e0cb\" data-element_type=\"column\">\n\t\t\t<div class=\"elementor-widget-wrap elementor-element-populated\">\n\t\t\t\t\t\t<div class=\"elementor-element elementor-element-cd09ac1 elementor-widget elementor-widget-iheading\" data-id=\"cd09ac1\" data-element_type=\"widget\" data-widget_type=\"iheading.default\">\n\t\t\t\t<div class=\"elementor-widget-container\">\n\t\t\t\t\t\t\t<div class=\"ot-heading\">\r\n\t        <h2 class=\"main-heading\">Our references<\/h2>\t    <\/div>\r\n\t    \t\t\t\t<\/div>\n\t\t\t\t<\/div>\n\t\t\t\t<div class=\"elementor-element elementor-element-27b73fe elementor-widget elementor-widget-text-editor\" data-id=\"27b73fe\" data-element_type=\"widget\" data-widget_type=\"text-editor.default\">\n\t\t\t\t\t\t\t\t\t<p>In recent years we have carried out various large orders throughout Germany.<br \/>Let our references speak for themselves.<\/p>\t\t\t\t\t\t\t\t<\/div>\n\t\t\t\t<div class=\"elementor-element elementor-element-52770ed elementor-invisible elementor-widget elementor-widget-ipfilter\" data-id=\"52770ed\" data-element_type=\"widget\" data-settings=\"{&quot;_animation&quot;:&quot;fadeInDown&quot;}\" data-widget_type=\"ipfilter.default\">\n\t\t\t\t<div class=\"elementor-widget-container\">\n\t\t\t\t\t\r\n\t\t<div class=\"project-filter-wrapper\">\r\n\t                \t\t<ul class=\"project_filters\">\r\n        \t\t\t        \t\t\t \t<li><a href=\"#\" data-filter=\"*\" class=\"selected\">All<\/a><\/li>\r\n        \t\t\t\t                \t                    <li><a href='#' data-filter='.category-49'>Car dealership<\/a><\/li>\t                    \r\n\t                \t                    <li><a href='#' data-filter='.category-29'>Office building<\/a><\/li>\t                    \r\n\t                \t                    <li><a href='#' data-filter='.category-30'>Congress Center<\/a><\/li>\t                    \r\n\t                \t                    <li><a href='#' data-filter='.category-47'>Department<\/a><\/li>\t                    \r\n\t                \t                    <li><a href='#' data-filter='.category-43'>Community Center<\/a><\/li>\t                    \r\n\t                \t                    <li><a href='#' data-filter='.category-32'>Ministry of the Interior<\/a><\/li>\t                    \r\n\t                \t                    <li><a href='#' data-filter='.category-42'>Casino<\/a><\/li>\t                    \r\n\t                \t                    <li><a href='#' data-filter='.category-45'>Kindergarten<\/a><\/li>\t                    \r\n\t                \t                    <li><a href='#' data-filter='.category-33'>Hospital<\/a><\/li>\t                    \r\n\t                \t                    <li><a href='#' data-filter='.category-38'>Museum<\/a><\/li>\t                    \r\n\t                \t                    <li><a href='#' data-filter='.category-34'>Production hall<\/a><\/li>\t                    \r\n\t                \t                    <li><a href='#' data-filter='.category-48'>Psychiatry<\/a><\/li>\t                    \r\n\t                \t                    <li><a href='#' data-filter='.category-35'>Data centers<\/a><\/li>\t                    \r\n\t                \t                    <li><a href='#' data-filter='.category-46'>School<\/a><\/li>\t                    \r\n\t                \t                    <li><a href='#' data-filter='.category-36'>Sports hall<\/a><\/li>\t                    \r\n\t                \t                    <li><a href='#' data-filter='.category-44'>Day clinic<\/a><\/li>\t                    \r\n\t                \t                    <li><a href='#' data-filter='.category-41'>University<\/a><\/li>\t                    \r\n\t                \t                    <li><a href='#' data-filter='.category-37'>Residential complexes<\/a><\/li>\t                    \r\n\t                \t\t\t\t<\/ul>\r\n\t        \r\n\t        <div class=\"projects-grid projects-style-1\">\r\n\t        \t\r\n\t            \r\n\t            \t<div class=\"project-item category-38\">\r\n\t\t\t\t\t\t<div class=\"projects-box\">\r\n\t\t\t\t\t\t\t<div class=\"projects-thumbnail\">\r\n\t\t\t\t\t\t\t\t<a href=\"https:\/\/lehmann-ausbau.de\/en\/blog\/portfolio\/historisches-museum-akustik-massnahmen\/\">\r\n\t\t\t\t\t\t\t\t\t<img fetchpriority=\"high\" decoding=\"async\" width=\"720\" height=\"720\" src=\"https:\/\/lehmann-ausbau.de\/wp-content\/uploads\/2025\/05\/Historisches-Museum-Akustik-Massnahmen-2-720x720.jpg\" class=\"attachment-engitech-portfolio-thumbnail-grid size-engitech-portfolio-thumbnail-grid wp-post-image\" alt=\"\" srcset=\"https:\/\/lehmann-ausbau.de\/wp-content\/uploads\/2025\/05\/Historisches-Museum-Akustik-Massnahmen-2-720x720.jpg 720w, https:\/\/lehmann-ausbau.de\/wp-content\/uploads\/2025\/05\/Historisches-Museum-Akustik-Massnahmen-2-150x150.jpg 150w\" sizes=\"(max-width: 720px) 100vw, 720px\" \/>\t\t\t\t\t\t\t\t<\/a>\r\n\t\t\t\t\t\t\t<\/div>\r\n\t\t\t\t\t\t\t<div class=\"portfolio-info\">\r\n\t\t\t\t\t\t\t\t<a class=\"overlay\" href=\"https:\/\/lehmann-ausbau.de\/en\/blog\/portfolio\/historisches-museum-akustik-massnahmen\/\"><\/a>\t\t\t\t\t\t\t\t<div class=\"portfolio-info-inner\">\r\n\t\t\t\t\t\t\t\t\t<h5><a href=\"https:\/\/lehmann-ausbau.de\/en\/blog\/portfolio\/historisches-museum-akustik-massnahmen\/\">Historisches Museum, Akustik Ma\u00dfnahmen<\/a><\/h5>\r\n\t\t\t\t\t\t\t\t\t<p class=\"portfolio-cates\"><a href=\"https:\/\/lehmann-ausbau.de\/en\/blog\/portfolio-category\/musem\/\">Museum<\/a><span>\/<\/span><\/p> \r\n\t\t\t\t\t\t\t\t<\/div>\r\n\t\t\t\t\t\t\t<\/div>\r\n\t\t\t\t\t\t<\/div>\r\n\t\t\t\t\t<\/div>\r\n\r\n\t            \r\n\t            \t<div class=\"project-item category-36\">\r\n\t\t\t\t\t\t<div class=\"projects-box\">\r\n\t\t\t\t\t\t\t<div class=\"projects-thumbnail\">\r\n\t\t\t\t\t\t\t\t<a href=\"https:\/\/lehmann-ausbau.de\/en\/blog\/portfolio\/rundsporthalle-bingen-buedesheim\/\">\r\n\t\t\t\t\t\t\t\t\t<img decoding=\"async\" width=\"720\" height=\"720\" src=\"https:\/\/lehmann-ausbau.de\/wp-content\/uploads\/2025\/05\/Rundsporthalle-Bingen-Buedesheim-720x720.jpg\" class=\"attachment-engitech-portfolio-thumbnail-grid size-engitech-portfolio-thumbnail-grid wp-post-image\" alt=\"\" srcset=\"https:\/\/lehmann-ausbau.de\/wp-content\/uploads\/2025\/05\/Rundsporthalle-Bingen-Buedesheim-720x720.jpg 720w, https:\/\/lehmann-ausbau.de\/wp-content\/uploads\/2025\/05\/Rundsporthalle-Bingen-Buedesheim-150x150.jpg 150w\" sizes=\"(max-width: 720px) 100vw, 720px\" \/>\t\t\t\t\t\t\t\t<\/a>\r\n\t\t\t\t\t\t\t<\/div>\r\n\t\t\t\t\t\t\t<div class=\"portfolio-info\">\r\n\t\t\t\t\t\t\t\t<a class=\"overlay\" href=\"https:\/\/lehmann-ausbau.de\/en\/blog\/portfolio\/rundsporthalle-bingen-buedesheim\/\"><\/a>\t\t\t\t\t\t\t\t<div class=\"portfolio-info-inner\">\r\n\t\t\t\t\t\t\t\t\t<h5><a href=\"https:\/\/lehmann-ausbau.de\/en\/blog\/portfolio\/rundsporthalle-bingen-buedesheim\/\">Rundsporthalle Bingen-B\u00fcdesheim<\/a><\/h5>\r\n\t\t\t\t\t\t\t\t\t<p class=\"portfolio-cates\"><a href=\"https:\/\/lehmann-ausbau.de\/en\/blog\/portfolio-category\/sporthalle\/\">Sports hall<\/a><span>\/<\/span><\/p> \r\n\t\t\t\t\t\t\t\t<\/div>\r\n\t\t\t\t\t\t\t<\/div>\r\n\t\t\t\t\t\t<\/div>\r\n\t\t\t\t\t<\/div>\r\n\r\n\t            \r\n\t            \t<div class=\"project-item category-29\">\r\n\t\t\t\t\t\t<div class=\"projects-box\">\r\n\t\t\t\t\t\t\t<div class=\"projects-thumbnail\">\r\n\t\t\t\t\t\t\t\t<a href=\"https:\/\/lehmann-ausbau.de\/en\/blog\/portfolio\/eso-garching\/\">\r\n\t\t\t\t\t\t\t\t\t<img decoding=\"async\" width=\"720\" height=\"720\" src=\"https:\/\/lehmann-ausbau.de\/wp-content\/uploads\/2025\/05\/eso-garching-720x720.jpg\" class=\"attachment-engitech-portfolio-thumbnail-grid size-engitech-portfolio-thumbnail-grid wp-post-image\" alt=\"\" srcset=\"https:\/\/lehmann-ausbau.de\/wp-content\/uploads\/2025\/05\/eso-garching-720x720.jpg 720w, https:\/\/lehmann-ausbau.de\/wp-content\/uploads\/2025\/05\/eso-garching-150x150.jpg 150w\" sizes=\"(max-width: 720px) 100vw, 720px\" \/>\t\t\t\t\t\t\t\t<\/a>\r\n\t\t\t\t\t\t\t<\/div>\r\n\t\t\t\t\t\t\t<div class=\"portfolio-info\">\r\n\t\t\t\t\t\t\t\t<a class=\"overlay\" href=\"https:\/\/lehmann-ausbau.de\/en\/blog\/portfolio\/eso-garching\/\"><\/a>\t\t\t\t\t\t\t\t<div class=\"portfolio-info-inner\">\r\n\t\t\t\t\t\t\t\t\t<h5><a href=\"https:\/\/lehmann-ausbau.de\/en\/blog\/portfolio\/eso-garching\/\">ESO Garching<\/a><\/h5>\r\n\t\t\t\t\t\t\t\t\t<p class=\"portfolio-cates\"><a href=\"https:\/\/lehmann-ausbau.de\/en\/blog\/portfolio-category\/buerogebaeude\/\">Office building<\/a><span>\/<\/span><\/p> \r\n\t\t\t\t\t\t\t\t<\/div>\r\n\t\t\t\t\t\t\t<\/div>\r\n\t\t\t\t\t\t<\/div>\r\n\t\t\t\t\t<\/div>\r\n\r\n\t            \r\n\t            \t<div class=\"project-item category-33\">\r\n\t\t\t\t\t\t<div class=\"projects-box\">\r\n\t\t\t\t\t\t\t<div class=\"projects-thumbnail\">\r\n\t\t\t\t\t\t\t\t<a href=\"https:\/\/lehmann-ausbau.de\/en\/blog\/portfolio\/klinikum-reutlingen\/\">\r\n\t\t\t\t\t\t\t\t\t<img loading=\"lazy\" decoding=\"async\" width=\"720\" height=\"720\" src=\"https:\/\/lehmann-ausbau.de\/wp-content\/uploads\/2025\/05\/Klinikum-Reutlingen-720x720.jpg\" class=\"attachment-engitech-portfolio-thumbnail-grid size-engitech-portfolio-thumbnail-grid wp-post-image\" alt=\"\" srcset=\"https:\/\/lehmann-ausbau.de\/wp-content\/uploads\/2025\/05\/Klinikum-Reutlingen-720x720.jpg 720w, https:\/\/lehmann-ausbau.de\/wp-content\/uploads\/2025\/05\/Klinikum-Reutlingen-150x150.jpg 150w\" sizes=\"(max-width: 720px) 100vw, 720px\" \/>\t\t\t\t\t\t\t\t<\/a>\r\n\t\t\t\t\t\t\t<\/div>\r\n\t\t\t\t\t\t\t<div class=\"portfolio-info\">\r\n\t\t\t\t\t\t\t\t<a class=\"overlay\" href=\"https:\/\/lehmann-ausbau.de\/en\/blog\/portfolio\/klinikum-reutlingen\/\"><\/a>\t\t\t\t\t\t\t\t<div class=\"portfolio-info-inner\">\r\n\t\t\t\t\t\t\t\t\t<h5><a href=\"https:\/\/lehmann-ausbau.de\/en\/blog\/portfolio\/klinikum-reutlingen\/\">Klinikum Reutlingen<\/a><\/h5>\r\n\t\t\t\t\t\t\t\t\t<p class=\"portfolio-cates\"><a href=\"https:\/\/lehmann-ausbau.de\/en\/blog\/portfolio-category\/krankenhaus\/\">Hospital<\/a><span>\/<\/span><\/p> \r\n\t\t\t\t\t\t\t\t<\/div>\r\n\t\t\t\t\t\t\t<\/div>\r\n\t\t\t\t\t\t<\/div>\r\n\t\t\t\t\t<\/div>\r\n\r\n\t            \r\n\t            \t<div class=\"project-item category-41\">\r\n\t\t\t\t\t\t<div class=\"projects-box\">\r\n\t\t\t\t\t\t\t<div class=\"projects-thumbnail\">\r\n\t\t\t\t\t\t\t\t<a href=\"https:\/\/lehmann-ausbau.de\/en\/blog\/portfolio\/tu-darmstadt-erweiterungsbau\/\">\r\n\t\t\t\t\t\t\t\t\t<img loading=\"lazy\" decoding=\"async\" width=\"720\" height=\"720\" src=\"https:\/\/lehmann-ausbau.de\/wp-content\/uploads\/2025\/05\/TU_Darmstadt-Erweiterungsbau-720x720.jpg\" class=\"attachment-engitech-portfolio-thumbnail-grid size-engitech-portfolio-thumbnail-grid wp-post-image\" alt=\"\" srcset=\"https:\/\/lehmann-ausbau.de\/wp-content\/uploads\/2025\/05\/TU_Darmstadt-Erweiterungsbau-720x720.jpg 720w, https:\/\/lehmann-ausbau.de\/wp-content\/uploads\/2025\/05\/TU_Darmstadt-Erweiterungsbau-150x150.jpg 150w\" sizes=\"(max-width: 720px) 100vw, 720px\" \/>\t\t\t\t\t\t\t\t<\/a>\r\n\t\t\t\t\t\t\t<\/div>\r\n\t\t\t\t\t\t\t<div class=\"portfolio-info\">\r\n\t\t\t\t\t\t\t\t<a class=\"overlay\" href=\"https:\/\/lehmann-ausbau.de\/en\/blog\/portfolio\/tu-darmstadt-erweiterungsbau\/\"><\/a>\t\t\t\t\t\t\t\t<div class=\"portfolio-info-inner\">\r\n\t\t\t\t\t\t\t\t\t<h5><a href=\"https:\/\/lehmann-ausbau.de\/en\/blog\/portfolio\/tu-darmstadt-erweiterungsbau\/\">TU Darmstadt Erweiterungsbau<\/a><\/h5>\r\n\t\t\t\t\t\t\t\t\t<p class=\"portfolio-cates\"><a href=\"https:\/\/lehmann-ausbau.de\/en\/blog\/portfolio-category\/universitaet\/\">University<\/a><span>\/<\/span><\/p> \r\n\t\t\t\t\t\t\t\t<\/div>\r\n\t\t\t\t\t\t\t<\/div>\r\n\t\t\t\t\t\t<\/div>\r\n\t\t\t\t\t<\/div>\r\n\r\n\t            \r\n\t            \t<div class=\"project-item category-37\">\r\n\t\t\t\t\t\t<div class=\"projects-box\">\r\n\t\t\t\t\t\t\t<div class=\"projects-thumbnail\">\r\n\t\t\t\t\t\t\t\t<a href=\"https:\/\/lehmann-ausbau.de\/en\/blog\/portfolio\/parkstadt-2-0\/\">\r\n\t\t\t\t\t\t\t\t\t<img loading=\"lazy\" decoding=\"async\" width=\"720\" height=\"720\" src=\"https:\/\/lehmann-ausbau.de\/wp-content\/uploads\/2025\/05\/Parkstadt-2.0-720x720.jpg\" class=\"attachment-engitech-portfolio-thumbnail-grid size-engitech-portfolio-thumbnail-grid wp-post-image\" alt=\"\" srcset=\"https:\/\/lehmann-ausbau.de\/wp-content\/uploads\/2025\/05\/Parkstadt-2.0-720x720.jpg 720w, https:\/\/lehmann-ausbau.de\/wp-content\/uploads\/2025\/05\/Parkstadt-2.0-150x150.jpg 150w\" sizes=\"(max-width: 720px) 100vw, 720px\" \/>\t\t\t\t\t\t\t\t<\/a>\r\n\t\t\t\t\t\t\t<\/div>\r\n\t\t\t\t\t\t\t<div class=\"portfolio-info\">\r\n\t\t\t\t\t\t\t\t<a class=\"overlay\" href=\"https:\/\/lehmann-ausbau.de\/en\/blog\/portfolio\/parkstadt-2-0\/\"><\/a>\t\t\t\t\t\t\t\t<div class=\"portfolio-info-inner\">\r\n\t\t\t\t\t\t\t\t\t<h5><a href=\"https:\/\/lehmann-ausbau.de\/en\/blog\/portfolio\/parkstadt-2-0\/\">Parkstadt 2.0<\/a><\/h5>\r\n\t\t\t\t\t\t\t\t\t<p class=\"portfolio-cates\"><a href=\"https:\/\/lehmann-ausbau.de\/en\/blog\/portfolio-category\/wohnanlagen\/\">Residential complexes<\/a><span>\/<\/span><\/p> \r\n\t\t\t\t\t\t\t\t<\/div>\r\n\t\t\t\t\t\t\t<\/div>\r\n\t\t\t\t\t\t<\/div>\r\n\t\t\t\t\t<\/div>\r\n\r\n\t            \t        <\/div>\r\n\t    <\/div>\r\n\r\n\t    \t\t\t\t<\/div>\n\t\t\t\t<\/div>\n\t\t\t\t\t<\/div>\n\t\t<\/div>\n\t\t\t\t\t<\/div>\n\t\t<\/section>\n\t\t\t\t<\/div>","protected":false},"excerpt":{"rendered":"<p>Unsere Referenzen In den letzten Jahren f\u00fchrten wir diverse Gro\u00dfauftr\u00e4ge in ganz Deutschland durch.Lassen Sie unsere Referenzen f\u00fcr sich sprechen. All B\u00fcrogeb\u00e4ude Gemeindezentrum Kasino Krankenhaus Musem Rechenzentren Universit\u00e4t Wohnanlagen Haus Am J\u00e4gertor Gemeindezentrum\/ BTD-Kasino Wiesbaden Kasino\/ Neubau S1D-Verf\u00fcgungsgeb\u00e4ude der TU Darmstadt mit Cafe und Diskothek Universit\u00e4t\/ Evang. Studierendenzentrum Darmstadt Wohnanlagen\/ Neugestaltung Senckenberg B\u00fcrogeb\u00e4ude\/Musem\/ Hochhaus Lyonerstra\u00dfe [&hellip;]<\/p>","protected":false},"author":1,"featured_media":0,"parent":0,"menu_order":0,"comment_status":"closed","ping_status":"closed","template":"","meta":{"footnotes":""},"class_list":["post-1866","page","type-page","status-publish","hentry"],"yoast_head":"<!-- This site is optimized with the Yoast SEO Premium plugin v25.2 (Yoast SEO v25.2) - https:\/\/yoast.com\/wordpress\/plugins\/seo\/ -->\n<title>Trockenbau Referenzen - LEHMANN Ausbau GmbH &amp; Co.KG<\/title>\n<meta name=\"robots\" content=\"index, follow, max-snippet:-1, max-image-preview:large, max-video-preview:-1\" \/>\n<link rel=\"canonical\" href=\"https:\/\/lehmann-ausbau.de\/en\/trockenbau-referenzen\/\" \/>\n<meta property=\"og:locale\" content=\"en_US\" \/>\n<meta property=\"og:type\" content=\"article\" \/>\n<meta property=\"og:title\" content=\"Trockenbau Referenzen\" \/>\n<meta property=\"og:description\" content=\"Unsere Referenzen In den letzten Jahren f\u00fchrten wir diverse Gro\u00dfauftr\u00e4ge in ganz Deutschland durch.Lassen Sie unsere Referenzen f\u00fcr sich sprechen. All B\u00fcrogeb\u00e4ude Gemeindezentrum Kasino Krankenhaus Musem Rechenzentren Universit\u00e4t Wohnanlagen Haus Am J\u00e4gertor Gemeindezentrum\/ BTD-Kasino Wiesbaden Kasino\/ Neubau S1D-Verf\u00fcgungsgeb\u00e4ude der TU Darmstadt mit Cafe und Diskothek Universit\u00e4t\/ Evang. Studierendenzentrum Darmstadt Wohnanlagen\/ Neugestaltung Senckenberg B\u00fcrogeb\u00e4ude\/Musem\/ Hochhaus Lyonerstra\u00dfe [&hellip;]\" \/>\n<meta property=\"og:url\" content=\"https:\/\/lehmann-ausbau.de\/en\/trockenbau-referenzen\/\" \/>\n<meta property=\"og:site_name\" content=\"LEHMANN Ausbau GmbH &amp; Co.KG\" \/>\n<meta property=\"article:modified_time\" content=\"2025-05-20T20:32:36+00:00\" \/>\n<meta property=\"og:image\" content=\"https:\/\/lehmann-ausbau.de\/wp-content\/uploads\/2025\/05\/IMG_5665-720x720.jpg\" \/>\n<meta name=\"twitter:card\" content=\"summary_large_image\" \/>\n<meta name=\"twitter:label1\" content=\"Est. reading time\" \/>\n\t<meta name=\"twitter:data1\" content=\"1 minute\" \/>\n<script type=\"application\/ld+json\" class=\"yoast-schema-graph\">{\"@context\":\"https:\/\/schema.org\",\"@graph\":[{\"@type\":\"WebPage\",\"@id\":\"https:\/\/lehmann-ausbau.de\/trockenbau-referenzen\/\",\"url\":\"https:\/\/lehmann-ausbau.de\/trockenbau-referenzen\/\",\"name\":\"Trockenbau Referenzen - LEHMANN Ausbau GmbH &amp; Co.KG\",\"isPartOf\":{\"@id\":\"https:\/\/lehmann-ausbau.de\/#website\"},\"primaryImageOfPage\":{\"@id\":\"https:\/\/lehmann-ausbau.de\/trockenbau-referenzen\/#primaryimage\"},\"image\":{\"@id\":\"https:\/\/lehmann-ausbau.de\/trockenbau-referenzen\/#primaryimage\"},\"thumbnailUrl\":\"https:\/\/lehmann-ausbau.de\/wp-content\/uploads\/2025\/05\/IMG_5665-720x720.jpg\",\"datePublished\":\"2020-02-04T10:17:39+00:00\",\"dateModified\":\"2025-05-20T20:32:36+00:00\",\"breadcrumb\":{\"@id\":\"https:\/\/lehmann-ausbau.de\/trockenbau-referenzen\/#breadcrumb\"},\"inLanguage\":\"en-US\",\"potentialAction\":[{\"@type\":\"ReadAction\",\"target\":[\"https:\/\/lehmann-ausbau.de\/trockenbau-referenzen\/\"]}]},{\"@type\":\"ImageObject\",\"inLanguage\":\"en-US\",\"@id\":\"https:\/\/lehmann-ausbau.de\/trockenbau-referenzen\/#primaryimage\",\"url\":\"https:\/\/lehmann-ausbau.de\/wp-content\/uploads\/2025\/05\/IMG_5665-720x720.jpg\",\"contentUrl\":\"https:\/\/lehmann-ausbau.de\/wp-content\/uploads\/2025\/05\/IMG_5665-720x720.jpg\"},{\"@type\":\"BreadcrumbList\",\"@id\":\"https:\/\/lehmann-ausbau.de\/trockenbau-referenzen\/#breadcrumb\",\"itemListElement\":[{\"@type\":\"ListItem\",\"position\":1,\"name\":\"Home\",\"item\":\"https:\/\/lehmann-ausbau.de\/\"},{\"@type\":\"ListItem\",\"position\":2,\"name\":\"Trockenbau Referenzen\"}]},{\"@type\":\"WebSite\",\"@id\":\"https:\/\/lehmann-ausbau.de\/#website\",\"url\":\"https:\/\/lehmann-ausbau.de\/\",\"name\":\"LEHMANN Ausbau GmbH & Co.KG\",\"description\":\"Komplette L\u00f6sungen f\u00fcr jede Phase Ihres Bauvorhabens\",\"publisher\":{\"@id\":\"https:\/\/lehmann-ausbau.de\/#organization\"},\"potentialAction\":[{\"@type\":\"SearchAction\",\"target\":{\"@type\":\"EntryPoint\",\"urlTemplate\":\"https:\/\/lehmann-ausbau.de\/?s={search_term_string}\"},\"query-input\":{\"@type\":\"PropertyValueSpecification\",\"valueRequired\":true,\"valueName\":\"search_term_string\"}}],\"inLanguage\":\"en-US\"},{\"@type\":\"Organization\",\"@id\":\"https:\/\/lehmann-ausbau.de\/#organization\",\"name\":\"LEHMANN Ausbau GmbH & Co.KG\",\"url\":\"https:\/\/lehmann-ausbau.de\/\",\"logo\":{\"@type\":\"ImageObject\",\"inLanguage\":\"en-US\",\"@id\":\"https:\/\/lehmann-ausbau.de\/#\/schema\/logo\/image\/\",\"url\":\"https:\/\/lehmann-ausbau.de\/wp-content\/uploads\/2020\/09\/Lehmann-Ausbau-Logo_Big_Transp.png\",\"contentUrl\":\"https:\/\/lehmann-ausbau.de\/wp-content\/uploads\/2020\/09\/Lehmann-Ausbau-Logo_Big_Transp.png\",\"width\":777,\"height\":375,\"caption\":\"LEHMANN Ausbau GmbH & Co.KG\"},\"image\":{\"@id\":\"https:\/\/lehmann-ausbau.de\/#\/schema\/logo\/image\/\"}}]}<\/script>\n<!-- \/ Yoast SEO Premium plugin. -->","yoast_head_json":{"title":"Trockenbau Referenzen - LEHMANN Ausbau GmbH &amp; Co.KG","robots":{"index":"index","follow":"follow","max-snippet":"max-snippet:-1","max-image-preview":"max-image-preview:large","max-video-preview":"max-video-preview:-1"},"canonical":"https:\/\/lehmann-ausbau.de\/en\/trockenbau-referenzen\/","og_locale":"en_US","og_type":"article","og_title":"Trockenbau Referenzen","og_description":"Unsere Referenzen In den letzten Jahren f\u00fchrten wir diverse Gro\u00dfauftr\u00e4ge in ganz Deutschland durch.Lassen Sie unsere Referenzen f\u00fcr sich sprechen. All B\u00fcrogeb\u00e4ude Gemeindezentrum Kasino Krankenhaus Musem Rechenzentren Universit\u00e4t Wohnanlagen Haus Am J\u00e4gertor Gemeindezentrum\/ BTD-Kasino Wiesbaden Kasino\/ Neubau S1D-Verf\u00fcgungsgeb\u00e4ude der TU Darmstadt mit Cafe und Diskothek Universit\u00e4t\/ Evang. Studierendenzentrum Darmstadt Wohnanlagen\/ Neugestaltung Senckenberg B\u00fcrogeb\u00e4ude\/Musem\/ Hochhaus Lyonerstra\u00dfe [&hellip;]","og_url":"https:\/\/lehmann-ausbau.de\/en\/trockenbau-referenzen\/","og_site_name":"LEHMANN Ausbau GmbH &amp; Co.KG","article_modified_time":"2025-05-20T20:32:36+00:00","og_image":[{"url":"https:\/\/lehmann-ausbau.de\/wp-content\/uploads\/2025\/05\/IMG_5665-720x720.jpg","type":"","width":"","height":""}],"twitter_card":"summary_large_image","twitter_misc":{"Est. reading time":"1 minute"},"schema":{"@context":"https:\/\/schema.org","@graph":[{"@type":"WebPage","@id":"https:\/\/lehmann-ausbau.de\/trockenbau-referenzen\/","url":"https:\/\/lehmann-ausbau.de\/trockenbau-referenzen\/","name":"Trockenbau Referenzen - LEHMANN Ausbau GmbH &amp; Co.KG","isPartOf":{"@id":"https:\/\/lehmann-ausbau.de\/#website"},"primaryImageOfPage":{"@id":"https:\/\/lehmann-ausbau.de\/trockenbau-referenzen\/#primaryimage"},"image":{"@id":"https:\/\/lehmann-ausbau.de\/trockenbau-referenzen\/#primaryimage"},"thumbnailUrl":"https:\/\/lehmann-ausbau.de\/wp-content\/uploads\/2025\/05\/IMG_5665-720x720.jpg","datePublished":"2020-02-04T10:17:39+00:00","dateModified":"2025-05-20T20:32:36+00:00","breadcrumb":{"@id":"https:\/\/lehmann-ausbau.de\/trockenbau-referenzen\/#breadcrumb"},"inLanguage":"en-US","potentialAction":[{"@type":"ReadAction","target":["https:\/\/lehmann-ausbau.de\/trockenbau-referenzen\/"]}]},{"@type":"ImageObject","inLanguage":"en-US","@id":"https:\/\/lehmann-ausbau.de\/trockenbau-referenzen\/#primaryimage","url":"https:\/\/lehmann-ausbau.de\/wp-content\/uploads\/2025\/05\/IMG_5665-720x720.jpg","contentUrl":"https:\/\/lehmann-ausbau.de\/wp-content\/uploads\/2025\/05\/IMG_5665-720x720.jpg"},{"@type":"BreadcrumbList","@id":"https:\/\/lehmann-ausbau.de\/trockenbau-referenzen\/#breadcrumb","itemListElement":[{"@type":"ListItem","position":1,"name":"Home","item":"https:\/\/lehmann-ausbau.de\/"},{"@type":"ListItem","position":2,"name":"Trockenbau Referenzen"}]},{"@type":"WebSite","@id":"https:\/\/lehmann-ausbau.de\/#website","url":"https:\/\/lehmann-ausbau.de\/","name":"LEHMANN Ausbau GmbH & Co.KG","description":"Komplette L\u00f6sungen f\u00fcr jede Phase Ihres Bauvorhabens","publisher":{"@id":"https:\/\/lehmann-ausbau.de\/#organization"},"potentialAction":[{"@type":"SearchAction","target":{"@type":"EntryPoint","urlTemplate":"https:\/\/lehmann-ausbau.de\/?s={search_term_string}"},"query-input":{"@type":"PropertyValueSpecification","valueRequired":true,"valueName":"search_term_string"}}],"inLanguage":"en-US"},{"@type":"Organization","@id":"https:\/\/lehmann-ausbau.de\/#organization","name":"LEHMANN Ausbau GmbH & Co.KG","url":"https:\/\/lehmann-ausbau.de\/","logo":{"@type":"ImageObject","inLanguage":"en-US","@id":"https:\/\/lehmann-ausbau.de\/#\/schema\/logo\/image\/","url":"https:\/\/lehmann-ausbau.de\/wp-content\/uploads\/2020\/09\/Lehmann-Ausbau-Logo_Big_Transp.png","contentUrl":"https:\/\/lehmann-ausbau.de\/wp-content\/uploads\/2020\/09\/Lehmann-Ausbau-Logo_Big_Transp.png","width":777,"height":375,"caption":"LEHMANN Ausbau GmbH & Co.KG"},"image":{"@id":"https:\/\/lehmann-ausbau.de\/#\/schema\/logo\/image\/"}}]}},"_links":{"self":[{"href":"https:\/\/lehmann-ausbau.de\/en\/wp-json\/wp\/v2\/pages\/1866","targetHints":{"allow":["GET"]}}],"collection":[{"href":"https:\/\/lehmann-ausbau.de\/en\/wp-json\/wp\/v2\/pages"}],"about":[{"href":"https:\/\/lehmann-ausbau.de\/en\/wp-json\/wp\/v2\/types\/page"}],"author":[{"embeddable":true,"href":"https:\/\/lehmann-ausbau.de\/en\/wp-json\/wp\/v2\/users\/1"}],"replies":[{"embeddable":true,"href":"https:\/\/lehmann-ausbau.de\/en\/wp-json\/wp\/v2\/comments?post=1866"}],"version-history":[{"count":7,"href":"https:\/\/lehmann-ausbau.de\/en\/wp-json\/wp\/v2\/pages\/1866\/revisions"}],"predecessor-version":[{"id":5935,"href":"https:\/\/lehmann-ausbau.de\/en\/wp-json\/wp\/v2\/pages\/1866\/revisions\/5935"}],"wp:attachment":[{"href":"https:\/\/lehmann-ausbau.de\/en\/wp-json\/wp\/v2\/media?parent=1866"}],"curies":[{"name":"wp","href":"https:\/\/api.w.org\/{rel}","templated":true}]}}